

{"id":13762,"date":"2022-01-18T07:49:07","date_gmt":"2022-01-18T07:49:07","guid":{"rendered":"https:\/\/senkronplastik.com\/?post_type=product&#038;p=13762"},"modified":"2022-01-18T07:49:47","modified_gmt":"2022-01-18T07:49:47","slug":"%d9%86%d9%88%d8%b9-%d8%a7%d9%84%d9%82%d9%81%d9%84-%d9%85%d8%b1%d8%b4%d8%ad-%d8%aa%d9%8a","status":"publish","type":"product","link":"https:\/\/senkronplastik.com\/ar\/urun\/%d9%86%d9%88%d8%b9-%d8%a7%d9%84%d9%82%d9%81%d9%84-%d9%85%d8%b1%d8%b4%d8%ad-%d8%aa%d9%8a\/","title":{"rendered":"\u0646\u0648\u0639 \u0627\u0644\u0642\u0641\u0644 \u0645\u0631\u0634\u062d \u062a\u064a"},"content":{"rendered":"","protected":false},"excerpt":{"rendered":"","protected":false},"featured_media":10615,"template":"","meta":[],"product_brand":[],"product_cat":[609],"product_tag":[],"class_list":{"0":"post-13762","1":"product","2":"type-product","3":"status-publish","4":"has-post-thumbnail","6":"product_cat-609","8":"first","9":"instock","10":"taxable","11":"shipping-taxable","12":"purchasable","13":"product-type-variable"},"yoast_head":"<!-- This site is optimized with the Yoast SEO plugin v23.5 - https:\/\/yoast.com\/wordpress\/plugins\/seo\/ -->\n<title>Kilitli Ba\u011flant\u0131 Elekli Te Filtre \u00dcretimi - Senkron Plastik A.\u015e.<\/title>\n<meta name=\"description\" content=\"Senkron Plastik A.\u015e. olarak, T\u00fcrkiye&#039;nin lider Kilitli Ba\u011flant\u0131 Elekli Te Filtre \u00fcreticisi olarak, t\u00fcm d\u00fcnyaya \u00fcr\u00fcnlerimizi sa\u011fl\u0131yoruz.\" \/>\n<meta name=\"robots\" content=\"index, follow, max-snippet:-1, max-image-preview:large, max-video-preview:-1\" \/>\n<link rel=\"canonical\" href=\"https:\/\/senkronplastik.com\/ar\/urun\/\u0646\u0648\u0639-\u0627\u0644\u0642\u0641\u0644-\u0645\u0631\u0634\u062d-\u062a\u064a\/\" \/>\n<meta property=\"og:locale\" content=\"ar_AR\" \/>\n<meta property=\"og:type\" content=\"article\" \/>\n<meta property=\"og:title\" content=\"Kilitli Ba\u011flant\u0131 Elekli Te Filtre \u00dcretimi - Senkron Plastik A.\u015e.\" \/>\n<meta property=\"og:description\" content=\"Senkron Plastik A.\u015e. olarak, T\u00fcrkiye&#039;nin lider Kilitli Ba\u011flant\u0131 Elekli Te Filtre \u00fcreticisi olarak, t\u00fcm d\u00fcnyaya \u00fcr\u00fcnlerimizi sa\u011fl\u0131yoruz.\" \/>\n<meta property=\"og:url\" content=\"https:\/\/senkronplastik.com\/ar\/urun\/\u0646\u0648\u0639-\u0627\u0644\u0642\u0641\u0644-\u0645\u0631\u0634\u062d-\u062a\u064a\/\" \/>\n<meta property=\"og:site_name\" content=\"Senkron Plastik A.\u015e.\" \/>\n<meta property=\"article:modified_time\" content=\"2022-01-18T07:49:47+00:00\" \/>\n<meta property=\"og:image\" content=\"https:\/\/senkronplastik.com\/wp-content\/uploads\/2021\/10\/kilitlite.jpg\" \/>\n\t<meta property=\"og:image:width\" content=\"500\" \/>\n\t<meta property=\"og:image:height\" content=\"500\" \/>\n\t<meta property=\"og:image:type\" content=\"image\/jpeg\" \/>\n<meta name=\"twitter:card\" content=\"summary_large_image\" \/>\n<script type=\"application\/ld+json\" class=\"yoast-schema-graph\">{\"@context\":\"https:\/\/schema.org\",\"@graph\":[{\"@type\":\"WebPage\",\"@id\":\"https:\/\/senkronplastik.com\/ar\/urun\/%d9%86%d9%88%d8%b9-%d8%a7%d9%84%d9%82%d9%81%d9%84-%d9%85%d8%b1%d8%b4%d8%ad-%d8%aa%d9%8a\/\",\"url\":\"https:\/\/senkronplastik.com\/ar\/urun\/%d9%86%d9%88%d8%b9-%d8%a7%d9%84%d9%82%d9%81%d9%84-%d9%85%d8%b1%d8%b4%d8%ad-%d8%aa%d9%8a\/\",\"name\":\"Kilitli Ba\u011flant\u0131 Elekli Te Filtre \u00dcretimi - Senkron Plastik A.\u015e.\",\"isPartOf\":{\"@id\":\"https:\/\/senkronplastik.com\/#website\"},\"primaryImageOfPage\":{\"@id\":\"https:\/\/senkronplastik.com\/ar\/urun\/%d9%86%d9%88%d8%b9-%d8%a7%d9%84%d9%82%d9%81%d9%84-%d9%85%d8%b1%d8%b4%d8%ad-%d8%aa%d9%8a\/#primaryimage\"},\"image\":{\"@id\":\"https:\/\/senkronplastik.com\/ar\/urun\/%d9%86%d9%88%d8%b9-%d8%a7%d9%84%d9%82%d9%81%d9%84-%d9%85%d8%b1%d8%b4%d8%ad-%d8%aa%d9%8a\/#primaryimage\"},\"thumbnailUrl\":\"https:\/\/senkronplastik.com\/wp-content\/uploads\/2021\/10\/kilitlite.jpg\",\"datePublished\":\"2022-01-18T07:49:07+00:00\",\"dateModified\":\"2022-01-18T07:49:47+00:00\",\"description\":\"Senkron Plastik A.\u015e. olarak, T\u00fcrkiye'nin lider Kilitli Ba\u011flant\u0131 Elekli Te Filtre \u00fcreticisi olarak, t\u00fcm d\u00fcnyaya \u00fcr\u00fcnlerimizi sa\u011fl\u0131yoruz.\",\"breadcrumb\":{\"@id\":\"https:\/\/senkronplastik.com\/ar\/urun\/%d9%86%d9%88%d8%b9-%d8%a7%d9%84%d9%82%d9%81%d9%84-%d9%85%d8%b1%d8%b4%d8%ad-%d8%aa%d9%8a\/#breadcrumb\"},\"inLanguage\":\"ar\",\"potentialAction\":[{\"@type\":\"ReadAction\",\"target\":[\"https:\/\/senkronplastik.com\/ar\/urun\/%d9%86%d9%88%d8%b9-%d8%a7%d9%84%d9%82%d9%81%d9%84-%d9%85%d8%b1%d8%b4%d8%ad-%d8%aa%d9%8a\/\"]}]},{\"@type\":\"ImageObject\",\"inLanguage\":\"ar\",\"@id\":\"https:\/\/senkronplastik.com\/ar\/urun\/%d9%86%d9%88%d8%b9-%d8%a7%d9%84%d9%82%d9%81%d9%84-%d9%85%d8%b1%d8%b4%d8%ad-%d8%aa%d9%8a\/#primaryimage\",\"url\":\"https:\/\/senkronplastik.com\/wp-content\/uploads\/2021\/10\/kilitlite.jpg\",\"contentUrl\":\"https:\/\/senkronplastik.com\/wp-content\/uploads\/2021\/10\/kilitlite.jpg\",\"width\":500,\"height\":500},{\"@type\":\"BreadcrumbList\",\"@id\":\"https:\/\/senkronplastik.com\/ar\/urun\/%d9%86%d9%88%d8%b9-%d8%a7%d9%84%d9%82%d9%81%d9%84-%d9%85%d8%b1%d8%b4%d8%ad-%d8%aa%d9%8a\/#breadcrumb\",\"itemListElement\":[{\"@type\":\"ListItem\",\"position\":1,\"name\":\"Ana sayfa\",\"item\":\"https:\/\/senkronplastik.com\/ar\/\"},{\"@type\":\"ListItem\",\"position\":2,\"name\":\"Shop\",\"item\":\"https:\/\/senkronplastik.com\/shop\/\"},{\"@type\":\"ListItem\",\"position\":3,\"name\":\"\u0646\u0648\u0639 \u0627\u0644\u0642\u0641\u0644 \u0645\u0631\u0634\u062d \u062a\u064a\"}]},{\"@type\":\"WebSite\",\"@id\":\"https:\/\/senkronplastik.com\/#website\",\"url\":\"https:\/\/senkronplastik.com\/\",\"name\":\"Senkron Plastik A.\u015e.\",\"description\":\"\",\"potentialAction\":[{\"@type\":\"SearchAction\",\"target\":{\"@type\":\"EntryPoint\",\"urlTemplate\":\"https:\/\/senkronplastik.com\/?s={search_term_string}\"},\"query-input\":{\"@type\":\"PropertyValueSpecification\",\"valueRequired\":true,\"valueName\":\"search_term_string\"}}],\"inLanguage\":\"ar\"}]}<\/script>\n<!-- \/ Yoast SEO plugin. -->","yoast_head_json":{"title":"Kilitli Ba\u011flant\u0131 Elekli Te Filtre \u00dcretimi - Senkron Plastik A.\u015e.","description":"Senkron Plastik A.\u015e. olarak, T\u00fcrkiye'nin lider Kilitli Ba\u011flant\u0131 Elekli Te Filtre \u00fcreticisi olarak, t\u00fcm d\u00fcnyaya \u00fcr\u00fcnlerimizi sa\u011fl\u0131yoruz.","robots":{"index":"index","follow":"follow","max-snippet":"max-snippet:-1","max-image-preview":"max-image-preview:large","max-video-preview":"max-video-preview:-1"},"canonical":"https:\/\/senkronplastik.com\/ar\/urun\/\u0646\u0648\u0639-\u0627\u0644\u0642\u0641\u0644-\u0645\u0631\u0634\u062d-\u062a\u064a\/","og_locale":"ar_AR","og_type":"article","og_title":"Kilitli Ba\u011flant\u0131 Elekli Te Filtre \u00dcretimi - Senkron Plastik A.\u015e.","og_description":"Senkron Plastik A.\u015e. olarak, T\u00fcrkiye'nin lider Kilitli Ba\u011flant\u0131 Elekli Te Filtre \u00fcreticisi olarak, t\u00fcm d\u00fcnyaya \u00fcr\u00fcnlerimizi sa\u011fl\u0131yoruz.","og_url":"https:\/\/senkronplastik.com\/ar\/urun\/\u0646\u0648\u0639-\u0627\u0644\u0642\u0641\u0644-\u0645\u0631\u0634\u062d-\u062a\u064a\/","og_site_name":"Senkron Plastik A.\u015e.","article_modified_time":"2022-01-18T07:49:47+00:00","og_image":[{"width":500,"height":500,"url":"https:\/\/senkronplastik.com\/wp-content\/uploads\/2021\/10\/kilitlite.jpg","type":"image\/jpeg"}],"twitter_card":"summary_large_image","schema":{"@context":"https:\/\/schema.org","@graph":[{"@type":"WebPage","@id":"https:\/\/senkronplastik.com\/ar\/urun\/%d9%86%d9%88%d8%b9-%d8%a7%d9%84%d9%82%d9%81%d9%84-%d9%85%d8%b1%d8%b4%d8%ad-%d8%aa%d9%8a\/","url":"https:\/\/senkronplastik.com\/ar\/urun\/%d9%86%d9%88%d8%b9-%d8%a7%d9%84%d9%82%d9%81%d9%84-%d9%85%d8%b1%d8%b4%d8%ad-%d8%aa%d9%8a\/","name":"Kilitli Ba\u011flant\u0131 Elekli Te Filtre \u00dcretimi - Senkron Plastik A.\u015e.","isPartOf":{"@id":"https:\/\/senkronplastik.com\/#website"},"primaryImageOfPage":{"@id":"https:\/\/senkronplastik.com\/ar\/urun\/%d9%86%d9%88%d8%b9-%d8%a7%d9%84%d9%82%d9%81%d9%84-%d9%85%d8%b1%d8%b4%d8%ad-%d8%aa%d9%8a\/#primaryimage"},"image":{"@id":"https:\/\/senkronplastik.com\/ar\/urun\/%d9%86%d9%88%d8%b9-%d8%a7%d9%84%d9%82%d9%81%d9%84-%d9%85%d8%b1%d8%b4%d8%ad-%d8%aa%d9%8a\/#primaryimage"},"thumbnailUrl":"https:\/\/senkronplastik.com\/wp-content\/uploads\/2021\/10\/kilitlite.jpg","datePublished":"2022-01-18T07:49:07+00:00","dateModified":"2022-01-18T07:49:47+00:00","description":"Senkron Plastik A.\u015e. olarak, T\u00fcrkiye'nin lider Kilitli Ba\u011flant\u0131 Elekli Te Filtre \u00fcreticisi olarak, t\u00fcm d\u00fcnyaya \u00fcr\u00fcnlerimizi sa\u011fl\u0131yoruz.","breadcrumb":{"@id":"https:\/\/senkronplastik.com\/ar\/urun\/%d9%86%d9%88%d8%b9-%d8%a7%d9%84%d9%82%d9%81%d9%84-%d9%85%d8%b1%d8%b4%d8%ad-%d8%aa%d9%8a\/#breadcrumb"},"inLanguage":"ar","potentialAction":[{"@type":"ReadAction","target":["https:\/\/senkronplastik.com\/ar\/urun\/%d9%86%d9%88%d8%b9-%d8%a7%d9%84%d9%82%d9%81%d9%84-%d9%85%d8%b1%d8%b4%d8%ad-%d8%aa%d9%8a\/"]}]},{"@type":"ImageObject","inLanguage":"ar","@id":"https:\/\/senkronplastik.com\/ar\/urun\/%d9%86%d9%88%d8%b9-%d8%a7%d9%84%d9%82%d9%81%d9%84-%d9%85%d8%b1%d8%b4%d8%ad-%d8%aa%d9%8a\/#primaryimage","url":"https:\/\/senkronplastik.com\/wp-content\/uploads\/2021\/10\/kilitlite.jpg","contentUrl":"https:\/\/senkronplastik.com\/wp-content\/uploads\/2021\/10\/kilitlite.jpg","width":500,"height":500},{"@type":"BreadcrumbList","@id":"https:\/\/senkronplastik.com\/ar\/urun\/%d9%86%d9%88%d8%b9-%d8%a7%d9%84%d9%82%d9%81%d9%84-%d9%85%d8%b1%d8%b4%d8%ad-%d8%aa%d9%8a\/#breadcrumb","itemListElement":[{"@type":"ListItem","position":1,"name":"Ana sayfa","item":"https:\/\/senkronplastik.com\/ar\/"},{"@type":"ListItem","position":2,"name":"Shop","item":"https:\/\/senkronplastik.com\/shop\/"},{"@type":"ListItem","position":3,"name":"\u0646\u0648\u0639 \u0627\u0644\u0642\u0641\u0644 \u0645\u0631\u0634\u062d \u062a\u064a"}]},{"@type":"WebSite","@id":"https:\/\/senkronplastik.com\/#website","url":"https:\/\/senkronplastik.com\/","name":"Senkron Plastik A.\u015e.","description":"","potentialAction":[{"@type":"SearchAction","target":{"@type":"EntryPoint","urlTemplate":"https:\/\/senkronplastik.com\/?s={search_term_string}"},"query-input":{"@type":"PropertyValueSpecification","valueRequired":true,"valueName":"search_term_string"}}],"inLanguage":"ar"}]}},"_links":{"self":[{"href":"https:\/\/senkronplastik.com\/ar\/wp-json\/wp\/v2\/product\/13762\/"}],"collection":[{"href":"https:\/\/senkronplastik.com\/ar\/wp-json\/wp\/v2\/product\/"}],"about":[{"href":"https:\/\/senkronplastik.com\/ar\/wp-json\/wp\/v2\/types\/product\/"}],"wp:featuredmedia":[{"embeddable":true,"href":"https:\/\/senkronplastik.com\/ar\/wp-json\/wp\/v2\/media\/10615\/"}],"wp:attachment":[{"href":"https:\/\/senkronplastik.com\/ar\/wp-json\/wp\/v2\/media\/?parent=13762"}],"wp:term":[{"taxonomy":"product_brand","embeddable":true,"href":"https:\/\/senkronplastik.com\/ar\/wp-json\/wp\/v2\/product_brand\/?post=13762"},{"taxonomy":"product_cat","embeddable":true,"href":"https:\/\/senkronplastik.com\/ar\/wp-json\/wp\/v2\/product_cat\/?post=13762"},{"taxonomy":"product_tag","embeddable":true,"href":"https:\/\/senkronplastik.com\/ar\/wp-json\/wp\/v2\/product_tag\/?post=13762"}],"curies":[{"name":"wp","href":"https:\/\/api.w.org\/{rel}","templated":true}]}}