

{"id":13328,"date":"2015-12-15T07:37:48","date_gmt":"2015-12-15T07:37:48","guid":{"rendered":"https:\/\/senkronplastik.com\/iletisim\/"},"modified":"2022-03-07T06:56:40","modified_gmt":"2022-03-07T06:56:40","slug":"iletisim","status":"publish","type":"page","link":"https:\/\/senkronplastik.com\/ar\/iletisim\/","title":{"rendered":"\u062a\u0648\u0627\u0635\u0644"},"content":{"rendered":"<p>[vc_row css=&#8221;.vc_custom_1459507872760{margin-bottom: 101px !important;}&#8221;][vc_column][vc_row_inner][vc_column_inner width=&#8221;1\/3&#8243; offset=&#8221;vc_col-lg-4&#8243;][stm_spacing lg_spacing=&#8221;0&#8243; md_spacing=&#8221;10&#8243; sm_spacing=&#8221;20&#8243; xs_spacing=&#8221;10&#8243;][stm_contacts_widget class=&#8221;overlay_3 color_white&#8221; title=&#8221;\u0639\u0646\u0627\u0648\u064a\u0646 \u0627\u0644\u0627\u062a\u0635\u0627\u0644&#8221; address=&#8221;21. Cadde 1424 Sokak No: 6\/3<br \/>\nMegaCenter \/ Ostim \/ Ankara \/&#8221; phone=&#8221;+90(312) 354 82 94&#8243; email=&#8221;export@senkronplastik.com&#8221; css=&#8221;.vc_custom_1646636197200{padding-top: 46px !important;padding-right: 30px !important;padding-bottom: 37px !important;padding-left: 30px !important;background-image: url(http:\/\/consulting.stylemixthemes.com\/demo\/wp-content\/uploads\/sites\/2\/2015\/12\/contact_us_block-1.jpg?id=493) !important;background-position: center !important;background-repeat: no-repeat !important;background-size: cover !important;}&#8221;][\/vc_column_inner][vc_column_inner width=&#8221;2\/3&#8243; offset=&#8221;vc_hidden-md vc_hidden-sm vc_hidden-xs&#8221;][vc_gmaps link=&#8221;#E-8_JTNDaWZyYW1lJTIwc3JjJTNEJTIyaHR0cHMlM0ElMkYlMkZ3d3cuZ29vZ2xlLmNvbSUyRm1hcHMlMkZlbWJlZCUzRnBiJTNEJTIxMW0xNCUyMTFtOCUyMTFtMyUyMTFkMTIyMjguMDY4MjU1NDY2MTU2JTIxMmQzMi43NDQzMSUyMTNkMzkuOTg1NzI0JTIxM20yJTIxMWkxMDI0JTIxMmk3NjglMjE0ZjEzLjElMjEzbTMlMjExbTIlMjExczB4MCUyNTNBMHhlMGNiOWUxNTIwMTk2MjIlMjEyc1Nlbmtyb24lMjUyMFBsYXN0aWslMjE1ZTAlMjEzbTIlMjExc3RyJTIxMnN0ciUyMTR2MTYwOTMyNjM0NjAxMiUyMTVtMiUyMTFzdHIlMjEyc3RyJTIyJTIwd2lkdGglM0QlMjI2MDAlMjIlMjBoZWlnaHQlM0QlMjI0NTAlMjIlMjBmcmFtZWJvcmRlciUzRCUyMjAlMjIlMjBzdHlsZSUzRCUyMmJvcmRlciUzQTAlM0IlMjIlMjBhbGxvd2Z1bGxzY3JlZW4lM0QlMjIlMjIlMjBhcmlhLWhpZGRlbiUzRCUyMmZhbHNlJTIyJTIwdGFiaW5kZXglM0QlMjIwJTIyJTNFJTNDJTJGaWZyYW1lJTNF&#8221; size=&#8221;330px&#8221;][\/vc_column_inner][\/vc_row_inner][\/vc_column][\/vc_row][vc_row full_width=&#8221;stretch_row&#8221; css=&#8221;.vc_custom_1609326404420{margin-top: -30px !important;margin-bottom: -60px !important;padding-top: 30px !important;padding-bottom: 30px !important;background-image: url(https:\/\/senkron.lmelmak.com\/wp-content\/uploads\/2020\/12\/kapak.jpg?id=7874) !important;}&#8221;][vc_column][vc_row_inner][vc_column_inner offset=&#8221;vc_col-lg-4&#8243; css=&#8221;.vc_custom_1609326286977{padding-top: 30px !important;padding-right: 30px !important;padding-bottom: 30px !important;padding-left: 30px !important;background-color: #277682 !important;}&#8221;][vc_custom_heading text=&#8221;\u0627\u062a\u0635\u0644 \u0628\u0646\u0627&#8221; font_container=&#8221;tag:h4|text_align:left|color:%23ffffff&#8221; use_theme_fonts=&#8221;yes&#8221; css=&#8221;.vc_custom_1642412532784{margin-bottom: 30px !important;}&#8221;][vc_column_text]<\/p>\n<p style=\"text-align: left; color: #fff;\">\u064a\u0645\u0643\u0646\u0643 \u0627\u0644\u0627\u062a\u0635\u0627\u0644 \u0628\u0646\u0627 \u0639\u0646 \u0637\u0631\u064a\u0642 \u0645\u0644\u0621 \u0646\u0645\u0648\u0630\u062c \u0627\u0644\u0627\u062a\u0635\u0627\u0644 \u0639\u0644\u0649 \u0627\u0644\u062c\u0627\u0646\u0628 \u060c \u0623\u0648 \u064a\u0645\u0643\u0646\u0643 \u0627\u0644\u062d\u0635\u0648\u0644 \u0639\u0644\u0649 \u0645\u0639\u0644\u0648\u0645\u0627\u062a \u062d\u0648\u0644 \u0645\u0646\u062a\u062c\u0627\u062a\u0646\u0627. \u0648\u0646\u062d\u0646 \u0633\u0648\u0641 \u0646\u0643\u0648\u0646 \u0633\u0639\u062f\u0627\u0621 \u0644\u0645\u0633\u0627\u0639\u062f\u062a\u0643.<\/p>\n<p>[\/vc_column_text][\/vc_column_inner][vc_column_inner offset=&#8221;vc_col-lg-8&#8243;]\n<div class=\"wpcf7 no-js\" id=\"wpcf7-f508-o1\" lang=\"en-US\" dir=\"ltr\" data-wpcf7-id=\"508\">\n<div class=\"screen-reader-response\"><p role=\"status\" aria-live=\"polite\" aria-atomic=\"true\"><\/p> <ul><\/ul><\/div>\n<form action=\"\/ar\/wp-json\/wp\/v2\/pages\/13328\/#wpcf7-f508-o1\" method=\"post\" class=\"wpcf7-form init\" aria-label=\"Contact form\" novalidate=\"novalidate\" data-status=\"init\">\n<fieldset class=\"hidden-fields-container\"><input type=\"hidden\" name=\"_wpcf7\" value=\"508\" \/><input type=\"hidden\" name=\"_wpcf7_version\" value=\"6.1\" \/><input type=\"hidden\" name=\"_wpcf7_locale\" value=\"en_US\" \/><input type=\"hidden\" name=\"_wpcf7_unit_tag\" value=\"wpcf7-f508-o1\" \/><input type=\"hidden\" name=\"_wpcf7_container_post\" value=\"0\" \/><input type=\"hidden\" name=\"_wpcf7_posted_data_hash\" value=\"\" \/>\n<\/fieldset>\n<div class=\"request_callback\">\n\t<div class=\"row\" style=\"margin: 0 -13px;\">\n\t\t<div class=\"col-lg-6 col-md-6 col-sm-6 col-xs-12\">\n\t\t\t<div class=\"input-group\">\n\t\t\t\t<p><span class=\"wpcf7-form-control-wrap\" data-name=\"text-name\"><input size=\"40\" maxlength=\"400\" class=\"wpcf7-form-control wpcf7-text wpcf7-validates-as-required\" aria-required=\"true\" aria-invalid=\"false\" placeholder=\"Ad\u0131n\u0131z ve Soyad\u0131n\u0131z *\" value=\"\" type=\"text\" name=\"text-name\" \/><\/span>\n\t\t\t\t<\/p>\n\t\t\t<\/div>\n\t\t\t<div class=\"input-group\">\n\t\t\t\t<p><span class=\"wpcf7-form-control-wrap\" data-name=\"email\"><input size=\"40\" maxlength=\"400\" class=\"wpcf7-form-control wpcf7-email wpcf7-validates-as-required wpcf7-text wpcf7-validates-as-email\" aria-required=\"true\" aria-invalid=\"false\" placeholder=\"E-mail *\" value=\"\" type=\"email\" name=\"email\" \/><\/span>\n\t\t\t\t<\/p>\n\t\t\t<\/div>\n\t\t\t<div class=\"input-group\">\n\t\t\t\t<p><span class=\"wpcf7-form-control-wrap\" data-name=\"phone\"><input size=\"40\" maxlength=\"400\" class=\"wpcf7-form-control wpcf7-tel wpcf7-validates-as-required wpcf7-text wpcf7-validates-as-tel\" aria-required=\"true\" aria-invalid=\"false\" placeholder=\"Telefon *\" value=\"\" type=\"tel\" name=\"phone\" \/><\/span>\n\t\t\t\t<\/p>\n\t\t\t<\/div>\n\t\t<\/div>\n\t\t<div class=\"col-lg-6 col-md-6 col-sm-6 col-xs-12\">\n\t\t\t<div class=\"input-group\">\n\t\t\t\t<p><span class=\"wpcf7-form-control-wrap\" data-name=\"message\"><textarea cols=\"40\" rows=\"10\" maxlength=\"2000\" class=\"wpcf7-form-control wpcf7-textarea wpcf7-validates-as-required\" aria-required=\"true\" aria-invalid=\"false\" placeholder=\"Mesaj\u0131n\u0131z *\" name=\"message\"><\/textarea><\/span>\n\t\t\t\t<\/p>\n\t\t\t<\/div>\n\t\t\t<div class=\"input-group\">\n\t\t\t\t<p><button type=\"submit\" class=\"button size-lg icon_right\">G\u00f6nder <i class=\"fa fa-chevron-right\"><\/i><\/button>\n\t\t\t\t<\/p>\n\t\t\t<\/div>\n\t\t<\/div>\n\t<\/div>\n<\/div><div class=\"wpcf7-response-output\" aria-hidden=\"true\"><\/div>\n<\/form>\n<\/div>\n[\/vc_column_inner][\/vc_row_inner][\/vc_column][\/vc_row]<\/p>\n","protected":false},"excerpt":{"rendered":"<p>[vc_row css=&#8221;.vc_custom_1459507872760{margin-bottom: 101px !important;}&#8221;][vc_column][vc_row_inner][vc_column_inner width=&#8221;1\/3&#8243; offset=&#8221;vc_col-lg-4&#8243;][stm_spacing lg_spacing=&#8221;0&#8243; md_spacing=&#8221;10&#8243; sm_spacing=&#8221;20&#8243; xs_spacing=&#8221;10&#8243;][stm_contacts_widget class=&#8221;overlay_3 color_white&#8221; title=&#8221;\u0639\u0646\u0627\u0648\u064a\u0646 \u0627\u0644\u0627\u062a\u0635\u0627\u0644&#8221; address=&#8221;21. Cadde 1424 Sokak No: 6\/3 MegaCenter \/ Ostim \/ Ankara \/&#8221; phone=&#8221;+90(312) 354 82 94&#8243; email=&#8221;export@senkronplastik.com&#8221; css=&#8221;.vc_custom_1646636197200{padding-top: 46px !important;padding-right: 30px !important;padding-bottom: 37px !important;padding-left: 30px !important;background-image: url(http:\/\/consulting.stylemixthemes.com\/demo\/wp-content\/uploads\/sites\/2\/2015\/12\/contact_us_block-1.jpg?id=493) !important;background-position: center !important;background-repeat: no-repeat !important;background-size: cover !important;}&#8221;][\/vc_column_inner][vc_column_inner width=&#8221;2\/3&#8243; offset=&#8221;vc_hidden-md vc_hidden-sm vc_hidden-xs&#8221;][vc_gmaps link=&#8221;#E-8_JTNDaWZyYW1lJTIwc3JjJTNEJTIyaHR0cHMlM0ElMkYlMkZ3d3cuZ29vZ2xlLmNvbSUyRm1hcHMlMkZlbWJlZCUzRnBiJTNEJTIxMW0xNCUyMTFtOCUyMTFtMyUyMTFkMTIyMjguMDY4MjU1NDY2MTU2JTIxMmQzMi43NDQzMSUyMTNkMzkuOTg1NzI0JTIxM20yJTIxMWkxMDI0JTIxMmk3NjglMjE0ZjEzLjElMjEzbTMlMjExbTIlMjExczB4MCUyNTNBMHhlMGNiOWUxNTIwMTk2MjIlMjEyc1Nlbmtyb24lMjUyMFBsYXN0aWslMjE1ZTAlMjEzbTIlMjExc3RyJTIxMnN0ciUyMTR2MTYwOTMyNjM0NjAxMiUyMTVtMiUyMTFzdHIlMjEyc3RyJTIyJTIwd2lkdGglM0QlMjI2MDAlMjIlMjBoZWlnaHQlM0QlMjI0NTAlMjIlMjBmcmFtZWJvcmRlciUzRCUyMjAlMjIlMjBzdHlsZSUzRCUyMmJvcmRlciUzQTAlM0IlMjIlMjBhbGxvd2Z1bGxzY3JlZW4lM0QlMjIlMjIlMjBhcmlhLWhpZGRlbiUzRCUyMmZhbHNlJTIyJTIwdGFiaW5kZXglM0QlMjIwJTIyJTNFJTNDJTJGaWZyYW1lJTNF&#8221; size=&#8221;330px&#8221;][\/vc_column_inner][\/vc_row_inner][\/vc_column][\/vc_row][vc_row full_width=&#8221;stretch_row&#8221;<\/p>\n","protected":false},"author":1,"featured_media":0,"parent":0,"menu_order":0,"comment_status":"closed","ping_status":"closed","template":"","meta":{"footnotes":""},"class_list":["post-13328","page","type-page","status-publish","hentry"],"yoast_head":"<!-- This site is optimized with the Yoast SEO plugin v23.5 - https:\/\/yoast.com\/wordpress\/plugins\/seo\/ -->\n<title>\u062a\u0648\u0627\u0635\u0644 - Senkron Plastik A.\u015e.<\/title>\n<meta name=\"robots\" content=\"index, follow, max-snippet:-1, max-image-preview:large, max-video-preview:-1\" \/>\n<link rel=\"canonical\" href=\"https:\/\/senkronplastik.com\/ar\/iletisim\/\" \/>\n<meta property=\"og:locale\" content=\"ar_AR\" \/>\n<meta property=\"og:type\" content=\"article\" \/>\n<meta property=\"og:title\" content=\"\u062a\u0648\u0627\u0635\u0644 - Senkron Plastik A.\u015e.\" \/>\n<meta property=\"og:description\" content=\"[vc_row css=&#8221;.vc_custom_1459507872760{margin-bottom: 101px !important;}&#8221;][vc_column][vc_row_inner][vc_column_inner width=&#8221;1\/3&#8243; offset=&#8221;vc_col-lg-4&#8243;][stm_spacing lg_spacing=&#8221;0&#8243; md_spacing=&#8221;10&#8243; sm_spacing=&#8221;20&#8243; xs_spacing=&#8221;10&#8243;][stm_contacts_widget class=&#8221;overlay_3 color_white&#8221; title=&#8221;\u0639\u0646\u0627\u0648\u064a\u0646 \u0627\u0644\u0627\u062a\u0635\u0627\u0644&#8221; address=&#8221;21. Cadde 1424 Sokak No: 6\/3 MegaCenter \/ Ostim \/ Ankara \/&#8221; phone=&#8221;+90(312) 354 82 94&#8243; email=&#8221;export@senkronplastik.com&#8221; css=&#8221;.vc_custom_1646636197200{padding-top: 46px !important;padding-right: 30px !important;padding-bottom: 37px !important;padding-left: 30px !important;background-image: url(http:\/\/consulting.stylemixthemes.com\/demo\/wp-content\/uploads\/sites\/2\/2015\/12\/contact_us_block-1.jpg?id=493) !important;background-position: center !important;background-repeat: no-repeat !important;background-size: cover !important;}&#8221;][\/vc_column_inner][vc_column_inner width=&#8221;2\/3&#8243; offset=&#8221;vc_hidden-md vc_hidden-sm vc_hidden-xs&#8221;][vc_gmaps link=&#8221;#E-8_JTNDaWZyYW1lJTIwc3JjJTNEJTIyaHR0cHMlM0ElMkYlMkZ3d3cuZ29vZ2xlLmNvbSUyRm1hcHMlMkZlbWJlZCUzRnBiJTNEJTIxMW0xNCUyMTFtOCUyMTFtMyUyMTFkMTIyMjguMDY4MjU1NDY2MTU2JTIxMmQzMi43NDQzMSUyMTNkMzkuOTg1NzI0JTIxM20yJTIxMWkxMDI0JTIxMmk3NjglMjE0ZjEzLjElMjEzbTMlMjExbTIlMjExczB4MCUyNTNBMHhlMGNiOWUxNTIwMTk2MjIlMjEyc1Nlbmtyb24lMjUyMFBsYXN0aWslMjE1ZTAlMjEzbTIlMjExc3RyJTIxMnN0ciUyMTR2MTYwOTMyNjM0NjAxMiUyMTVtMiUyMTFzdHIlMjEyc3RyJTIyJTIwd2lkdGglM0QlMjI2MDAlMjIlMjBoZWlnaHQlM0QlMjI0NTAlMjIlMjBmcmFtZWJvcmRlciUzRCUyMjAlMjIlMjBzdHlsZSUzRCUyMmJvcmRlciUzQTAlM0IlMjIlMjBhbGxvd2Z1bGxzY3JlZW4lM0QlMjIlMjIlMjBhcmlhLWhpZGRlbiUzRCUyMmZhbHNlJTIyJTIwdGFiaW5kZXglM0QlMjIwJTIyJTNFJTNDJTJGaWZyYW1lJTNF&#8221; size=&#8221;330px&#8221;][\/vc_column_inner][\/vc_row_inner][\/vc_column][\/vc_row][vc_row full_width=&#8221;stretch_row&#8221;\" \/>\n<meta property=\"og:url\" content=\"https:\/\/senkronplastik.com\/ar\/iletisim\/\" \/>\n<meta property=\"og:site_name\" content=\"Senkron Plastik A.\u015e.\" \/>\n<meta property=\"article:modified_time\" content=\"2022-03-07T06:56:40+00:00\" \/>\n<meta name=\"twitter:card\" content=\"summary_large_image\" \/>\n<meta name=\"twitter:label1\" content=\"\u0648\u0642\u062a \u0627\u0644\u0642\u0631\u0627\u0621\u0629 \u0627\u0644\u0645\u064f\u0642\u062f\u0651\u0631\" \/>\n\t<meta name=\"twitter:data1\" content=\"\u062f\u0642\u064a\u0642\u0629 \u0648\u0627\u062d\u062f\u0629\" \/>\n<script type=\"application\/ld+json\" class=\"yoast-schema-graph\">{\"@context\":\"https:\/\/schema.org\",\"@graph\":[{\"@type\":\"WebPage\",\"@id\":\"https:\/\/senkronplastik.com\/ar\/iletisim\/\",\"url\":\"https:\/\/senkronplastik.com\/ar\/iletisim\/\",\"name\":\"\u062a\u0648\u0627\u0635\u0644 - Senkron Plastik A.\u015e.\",\"isPartOf\":{\"@id\":\"https:\/\/senkronplastik.com\/#website\"},\"datePublished\":\"2015-12-15T07:37:48+00:00\",\"dateModified\":\"2022-03-07T06:56:40+00:00\",\"breadcrumb\":{\"@id\":\"https:\/\/senkronplastik.com\/ar\/iletisim\/#breadcrumb\"},\"inLanguage\":\"ar\",\"potentialAction\":[{\"@type\":\"ReadAction\",\"target\":[\"https:\/\/senkronplastik.com\/ar\/iletisim\/\"]}]},{\"@type\":\"BreadcrumbList\",\"@id\":\"https:\/\/senkronplastik.com\/ar\/iletisim\/#breadcrumb\",\"itemListElement\":[{\"@type\":\"ListItem\",\"position\":1,\"name\":\"Ana sayfa\",\"item\":\"https:\/\/senkronplastik.com\/ar\/\"},{\"@type\":\"ListItem\",\"position\":2,\"name\":\"\u062a\u0648\u0627\u0635\u0644\"}]},{\"@type\":\"WebSite\",\"@id\":\"https:\/\/senkronplastik.com\/#website\",\"url\":\"https:\/\/senkronplastik.com\/\",\"name\":\"Senkron Plastik A.\u015e.\",\"description\":\"\",\"potentialAction\":[{\"@type\":\"SearchAction\",\"target\":{\"@type\":\"EntryPoint\",\"urlTemplate\":\"https:\/\/senkronplastik.com\/?s={search_term_string}\"},\"query-input\":{\"@type\":\"PropertyValueSpecification\",\"valueRequired\":true,\"valueName\":\"search_term_string\"}}],\"inLanguage\":\"ar\"}]}<\/script>\n<!-- \/ Yoast SEO plugin. -->","yoast_head_json":{"title":"\u062a\u0648\u0627\u0635\u0644 - Senkron Plastik A.\u015e.","robots":{"index":"index","follow":"follow","max-snippet":"max-snippet:-1","max-image-preview":"max-image-preview:large","max-video-preview":"max-video-preview:-1"},"canonical":"https:\/\/senkronplastik.com\/ar\/iletisim\/","og_locale":"ar_AR","og_type":"article","og_title":"\u062a\u0648\u0627\u0635\u0644 - Senkron Plastik A.\u015e.","og_description":"[vc_row css=&#8221;.vc_custom_1459507872760{margin-bottom: 101px !important;}&#8221;][vc_column][vc_row_inner][vc_column_inner width=&#8221;1\/3&#8243; offset=&#8221;vc_col-lg-4&#8243;][stm_spacing lg_spacing=&#8221;0&#8243; md_spacing=&#8221;10&#8243; sm_spacing=&#8221;20&#8243; xs_spacing=&#8221;10&#8243;][stm_contacts_widget class=&#8221;overlay_3 color_white&#8221; title=&#8221;\u0639\u0646\u0627\u0648\u064a\u0646 \u0627\u0644\u0627\u062a\u0635\u0627\u0644&#8221; address=&#8221;21. Cadde 1424 Sokak No: 6\/3 MegaCenter \/ Ostim \/ Ankara \/&#8221; phone=&#8221;+90(312) 354 82 94&#8243; email=&#8221;export@senkronplastik.com&#8221; css=&#8221;.vc_custom_1646636197200{padding-top: 46px !important;padding-right: 30px !important;padding-bottom: 37px !important;padding-left: 30px !important;background-image: url(http:\/\/consulting.stylemixthemes.com\/demo\/wp-content\/uploads\/sites\/2\/2015\/12\/contact_us_block-1.jpg?id=493) !important;background-position: center !important;background-repeat: no-repeat !important;background-size: cover !important;}&#8221;][\/vc_column_inner][vc_column_inner width=&#8221;2\/3&#8243; offset=&#8221;vc_hidden-md vc_hidden-sm vc_hidden-xs&#8221;][vc_gmaps link=&#8221;#E-8_JTNDaWZyYW1lJTIwc3JjJTNEJTIyaHR0cHMlM0ElMkYlMkZ3d3cuZ29vZ2xlLmNvbSUyRm1hcHMlMkZlbWJlZCUzRnBiJTNEJTIxMW0xNCUyMTFtOCUyMTFtMyUyMTFkMTIyMjguMDY4MjU1NDY2MTU2JTIxMmQzMi43NDQzMSUyMTNkMzkuOTg1NzI0JTIxM20yJTIxMWkxMDI0JTIxMmk3NjglMjE0ZjEzLjElMjEzbTMlMjExbTIlMjExczB4MCUyNTNBMHhlMGNiOWUxNTIwMTk2MjIlMjEyc1Nlbmtyb24lMjUyMFBsYXN0aWslMjE1ZTAlMjEzbTIlMjExc3RyJTIxMnN0ciUyMTR2MTYwOTMyNjM0NjAxMiUyMTVtMiUyMTFzdHIlMjEyc3RyJTIyJTIwd2lkdGglM0QlMjI2MDAlMjIlMjBoZWlnaHQlM0QlMjI0NTAlMjIlMjBmcmFtZWJvcmRlciUzRCUyMjAlMjIlMjBzdHlsZSUzRCUyMmJvcmRlciUzQTAlM0IlMjIlMjBhbGxvd2Z1bGxzY3JlZW4lM0QlMjIlMjIlMjBhcmlhLWhpZGRlbiUzRCUyMmZhbHNlJTIyJTIwdGFiaW5kZXglM0QlMjIwJTIyJTNFJTNDJTJGaWZyYW1lJTNF&#8221; size=&#8221;330px&#8221;][\/vc_column_inner][\/vc_row_inner][\/vc_column][\/vc_row][vc_row full_width=&#8221;stretch_row&#8221;","og_url":"https:\/\/senkronplastik.com\/ar\/iletisim\/","og_site_name":"Senkron Plastik A.\u015e.","article_modified_time":"2022-03-07T06:56:40+00:00","twitter_card":"summary_large_image","twitter_misc":{"\u0648\u0642\u062a \u0627\u0644\u0642\u0631\u0627\u0621\u0629 \u0627\u0644\u0645\u064f\u0642\u062f\u0651\u0631":"\u062f\u0642\u064a\u0642\u0629 \u0648\u0627\u062d\u062f\u0629"},"schema":{"@context":"https:\/\/schema.org","@graph":[{"@type":"WebPage","@id":"https:\/\/senkronplastik.com\/ar\/iletisim\/","url":"https:\/\/senkronplastik.com\/ar\/iletisim\/","name":"\u062a\u0648\u0627\u0635\u0644 - Senkron Plastik A.\u015e.","isPartOf":{"@id":"https:\/\/senkronplastik.com\/#website"},"datePublished":"2015-12-15T07:37:48+00:00","dateModified":"2022-03-07T06:56:40+00:00","breadcrumb":{"@id":"https:\/\/senkronplastik.com\/ar\/iletisim\/#breadcrumb"},"inLanguage":"ar","potentialAction":[{"@type":"ReadAction","target":["https:\/\/senkronplastik.com\/ar\/iletisim\/"]}]},{"@type":"BreadcrumbList","@id":"https:\/\/senkronplastik.com\/ar\/iletisim\/#breadcrumb","itemListElement":[{"@type":"ListItem","position":1,"name":"Ana sayfa","item":"https:\/\/senkronplastik.com\/ar\/"},{"@type":"ListItem","position":2,"name":"\u062a\u0648\u0627\u0635\u0644"}]},{"@type":"WebSite","@id":"https:\/\/senkronplastik.com\/#website","url":"https:\/\/senkronplastik.com\/","name":"Senkron Plastik A.\u015e.","description":"","potentialAction":[{"@type":"SearchAction","target":{"@type":"EntryPoint","urlTemplate":"https:\/\/senkronplastik.com\/?s={search_term_string}"},"query-input":{"@type":"PropertyValueSpecification","valueRequired":true,"valueName":"search_term_string"}}],"inLanguage":"ar"}]}},"_links":{"self":[{"href":"https:\/\/senkronplastik.com\/ar\/wp-json\/wp\/v2\/pages\/13328\/"}],"collection":[{"href":"https:\/\/senkronplastik.com\/ar\/wp-json\/wp\/v2\/pages\/"}],"about":[{"href":"https:\/\/senkronplastik.com\/ar\/wp-json\/wp\/v2\/types\/page\/"}],"author":[{"embeddable":true,"href":"https:\/\/senkronplastik.com\/ar\/wp-json\/wp\/v2\/users\/1\/"}],"replies":[{"embeddable":true,"href":"https:\/\/senkronplastik.com\/ar\/wp-json\/wp\/v2\/comments\/?post=13328"}],"version-history":[{"count":0,"href":"https:\/\/senkronplastik.com\/ar\/wp-json\/wp\/v2\/pages\/13328\/revisions\/"}],"wp:attachment":[{"href":"https:\/\/senkronplastik.com\/ar\/wp-json\/wp\/v2\/media\/?parent=13328"}],"curies":[{"name":"wp","href":"https:\/\/api.w.org\/{rel}","templated":true}]}}