

{"id":13322,"date":"2020-12-24T09:11:44","date_gmt":"2020-12-24T09:11:44","guid":{"rendered":"https:\/\/senkronplastik.com\/insan-kaynaklari\/"},"modified":"2022-01-17T09:32:20","modified_gmt":"2022-01-17T09:32:20","slug":"insan-kaynaklari","status":"publish","type":"page","link":"https:\/\/senkronplastik.com\/ar\/insan-kaynaklari\/","title":{"rendered":"\u0627\u0644\u0645\u0648\u0627\u0631\u062f \u0627\u0644\u0628\u0634\u0631\u064a\u0629"},"content":{"rendered":"<p>[vc_row full_width=&#8221;stretch_row_content&#8221; css=&#8221;.vc_custom_1640593205598{margin-top: -60px !important;background-image: url(https:\/\/senkronplastik.com\/wp-content\/uploads\/2020\/12\/kapak.jpg?id=7874) !important;}&#8221;][vc_column][vc_empty_space][vc_empty_space][vc_custom_heading stripe_pos=&#8221;hide&#8221; text=&#8221;21 \u0639\u0627\u0645\u0627 \u0645\u0646 \u0627\u0644\u062e\u0628\u0631\u0629&#8221; font_container=&#8221;tag:h2|text_align:center&#8221; use_theme_fonts=&#8221;yes&#8221;][vc_empty_space][vc_empty_space][\/vc_column][\/vc_row][vc_row][vc_column width=&#8221;1\/5&#8243;][vc_empty_space][vc_wp_custommenu nav_menu=&#8221;87&#8243;][\/vc_column][vc_column width=&#8221;4\/5&#8243; css=&#8221;.vc_custom_1609765303384{padding: 20px !important;background-color: #d3d3d3 !important;}&#8221;][vc_empty_space][vc_custom_heading stripe_pos=&#8221;hide&#8221; source=&#8221;post_title&#8221; font_container=&#8221;tag:h3|text_align:left&#8221; use_theme_fonts=&#8221;yes&#8221;]\n<div class=\"wpcf7 no-js\" id=\"wpcf7-f7254-o1\" lang=\"tr-TR\" dir=\"ltr\" data-wpcf7-id=\"7254\">\n<div class=\"screen-reader-response\"><p role=\"status\" aria-live=\"polite\" aria-atomic=\"true\"><\/p> <ul><\/ul><\/div>\n<form action=\"\/ar\/wp-json\/wp\/v2\/pages\/13322\/#wpcf7-f7254-o1\" method=\"post\" class=\"wpcf7-form init\" aria-label=\"\u0130leti\u015fim Formu\" novalidate=\"novalidate\" data-status=\"init\">\n<fieldset class=\"hidden-fields-container\"><input type=\"hidden\" name=\"_wpcf7\" value=\"7254\" \/><input type=\"hidden\" name=\"_wpcf7_version\" value=\"6.1\" \/><input type=\"hidden\" name=\"_wpcf7_locale\" value=\"tr_TR\" \/><input type=\"hidden\" name=\"_wpcf7_unit_tag\" value=\"wpcf7-f7254-o1\" \/><input type=\"hidden\" name=\"_wpcf7_container_post\" value=\"0\" \/><input type=\"hidden\" name=\"_wpcf7_posted_data_hash\" value=\"\" \/>\n<\/fieldset>\n<div class=\"request_callback\">\n\t<div class=\"row\">\n\t\t<div class=\"col-lg-6 col-md-6 col-sm-6 col-xs-12\">\n\t\t\t<p><label>Ki\u015fisel Bilgileriniz<\/label>\n\t\t\t<\/p>\n\t\t\t<div class=\"input-group\">\n\t\t\t\t<p><span class=\"wpcf7-form-control-wrap\" data-name=\"text-name\"><input size=\"40\" maxlength=\"400\" class=\"wpcf7-form-control wpcf7-text wpcf7-validates-as-required\" aria-required=\"true\" aria-invalid=\"false\" placeholder=\"Ad\u0131n\u0131z Soyad\u0131n\u0131z *\" value=\"\" type=\"text\" name=\"text-name\" \/><\/span>\n\t\t\t\t<\/p>\n\t\t\t<\/div>\n\t\t\t<div class=\"input-group\">\n\t\t\t\t<p><span class=\"wpcf7-form-control-wrap\" data-name=\"tel-650\"><input size=\"40\" maxlength=\"400\" class=\"wpcf7-form-control wpcf7-tel wpcf7-validates-as-required wpcf7-text wpcf7-validates-as-tel\" aria-required=\"true\" aria-invalid=\"false\" placeholder=\"Telefon Numaran\u0131z *\" value=\"\" type=\"tel\" name=\"tel-650\" \/><\/span>\n\t\t\t\t<\/p>\n\t\t\t<\/div>\n\t\t\t<div class=\"input-group\">\n\t\t\t\t<p><span class=\"wpcf7-form-control-wrap\" data-name=\"email-230\"><input size=\"40\" maxlength=\"400\" class=\"wpcf7-form-control wpcf7-email wpcf7-validates-as-required wpcf7-text wpcf7-validates-as-email\" aria-required=\"true\" aria-invalid=\"false\" placeholder=\"E-posta Adresiniz *\" value=\"\" type=\"email\" name=\"email-230\" \/><\/span>\n\t\t\t\t<\/p>\n\t\t\t<\/div>\n\t\t\t<div class=\"input-group\">\n\t\t\t\t<p><span class=\"wpcf7-form-control-wrap\" data-name=\"text-dgmY\"><input size=\"40\" maxlength=\"400\" class=\"wpcf7-form-control wpcf7-text wpcf7-validates-as-required\" aria-required=\"true\" aria-invalid=\"false\" placeholder=\"Do\u011fum Yeri *\" value=\"\" type=\"text\" name=\"text-dgmY\" \/><\/span>\n\t\t\t\t<\/p>\n\t\t\t<\/div>\n\t\t\t<div class=\"input-group\">\n\t\t\t\t<p><span class=\"wpcf7-form-control-wrap\" data-name=\"text-dgmT\"><input size=\"40\" maxlength=\"400\" class=\"wpcf7-form-control wpcf7-text wpcf7-validates-as-required\" aria-required=\"true\" aria-invalid=\"false\" placeholder=\"Do\u011fum Tarihi *\" value=\"\" type=\"text\" name=\"text-dgmT\" \/><\/span>\n\t\t\t\t<\/p>\n\t\t\t<\/div>\n\t\t\t<div class=\"input-group\">\n\t\t\t\t<p><span class=\"wpcf7-form-control-wrap\" data-name=\"cinsiyet\"><select class=\"wpcf7-form-control wpcf7-select\" aria-invalid=\"false\" name=\"cinsiyet\"><option value=\"Cinsiyetiniz\">Cinsiyetiniz<\/option><option value=\"Erkek\">Erkek<\/option><option value=\"Kad\u0131n\">Kad\u0131n<\/option><\/select><\/span>\n\t\t\t\t<\/p>\n\t\t\t<\/div>\n\t\t\t<div class=\"input-group\">\n\t\t\t\t<p><span class=\"wpcf7-form-control-wrap\" data-name=\"medenihal\"><select class=\"wpcf7-form-control wpcf7-select\" aria-invalid=\"false\" name=\"medenihal\"><option value=\"Medeni Haliniz\">Medeni Haliniz<\/option><option value=\"Evli\">Evli<\/option><option value=\"Bekar\">Bekar<\/option><\/select><\/span>\n\t\t\t\t<\/p>\n\t\t\t<\/div>\n\t\t\t<div class=\"input-group\">\n\t\t\t\t<p><span class=\"wpcf7-form-control-wrap\" data-name=\"askerlik\"><select class=\"wpcf7-form-control wpcf7-select\" aria-invalid=\"false\" name=\"askerlik\"><option value=\"Askerlik Durumunuz\">Askerlik Durumunuz<\/option><option value=\"Yapt\u0131\">Yapt\u0131<\/option><option value=\"Muaf\">Muaf<\/option><option value=\"Tecilli\">Tecilli<\/option><\/select><\/span>\n\t\t\t\t<\/p>\n\t\t\t<\/div>\n\t\t\t<div class=\"input-group\">\n\t\t\t\t<p><span class=\"wpcf7-form-control-wrap\" data-name=\"evAdresi\"><textarea cols=\"40\" rows=\"10\" maxlength=\"2000\" class=\"wpcf7-form-control wpcf7-textarea\" aria-invalid=\"false\" placeholder=\"Ev Adresi\" name=\"evAdresi\"><\/textarea><\/span>\n\t\t\t\t<\/p>\n\t\t\t<\/div>\n\t\t\t<div class=\"input-group\">\n\t\t\t\t<p><label>E\u011fitim Bilgileriniz<\/label><br \/>\n<span class=\"wpcf7-form-control-wrap\" data-name=\"egitimDurumu\"><select class=\"wpcf7-form-control wpcf7-select\" aria-invalid=\"false\" name=\"egitimDurumu\"><option value=\"E\u011fitim Durumunuz\">E\u011fitim Durumunuz<\/option><option value=\"\u0130lkokul\">\u0130lkokul<\/option><option value=\"\u0130lk\u00f6\u011fretim\">\u0130lk\u00f6\u011fretim<\/option><option value=\"Lise\">Lise<\/option><option value=\"Meslek Lisesi\">Meslek Lisesi<\/option><option value=\"\u00d6nlisans\">\u00d6nlisans<\/option><option value=\"Lisans\">Lisans<\/option><option value=\"Y\u00fcksek Lisans\">Y\u00fcksek Lisans<\/option><option value=\"Doktora\">Doktora<\/option><\/select><\/span>\n\t\t\t\t<\/p>\n\t\t\t<\/div>\n\t\t\t<div class=\"input-group\">\n\t\t\t\t<p><span class=\"wpcf7-form-control-wrap\" data-name=\"text-Okul\"><input size=\"40\" maxlength=\"400\" class=\"wpcf7-form-control wpcf7-text wpcf7-validates-as-required\" aria-required=\"true\" aria-invalid=\"false\" placeholder=\"Okul \/ B\u00f6l\u00fcm\" value=\"\" type=\"text\" name=\"text-Okul\" \/><\/span>\n\t\t\t\t<\/p>\n\t\t\t<\/div>\n\t\t\t<div class=\"input-group\">\n\t\t\t\t<p><span class=\"wpcf7-form-control-wrap\" data-name=\"text-YabanciDil\"><input size=\"40\" maxlength=\"400\" class=\"wpcf7-form-control wpcf7-text wpcf7-validates-as-required\" aria-required=\"true\" aria-invalid=\"false\" placeholder=\"Yabanc\u0131 Dil\" value=\"\" type=\"text\" name=\"text-YabanciDil\" \/><\/span>\n\t\t\t\t<\/p>\n\t\t\t<\/div>\n\t\t\t<div class=\"input-group\">\n\t\t\t\t<p><span class=\"wpcf7-form-control-wrap\" data-name=\"dilDuzeyi\"><select class=\"wpcf7-form-control wpcf7-select\" aria-invalid=\"false\" name=\"dilDuzeyi\"><option value=\"Yabanc\u0131 Dil D\u00fczeyiniz\">Yabanc\u0131 Dil D\u00fczeyiniz<\/option><option value=\"\u00c7ok \u0130yi\">\u00c7ok \u0130yi<\/option><option value=\"\u0130yi\">\u0130yi<\/option><option value=\"Orta\">Orta<\/option><option value=\"Az\">Az<\/option><\/select><\/span>\n\t\t\t\t<\/p>\n\t\t\t<\/div>\n\t\t<\/div>\n\t\t<div class=\"col-lg-6 col-md-6 col-sm-6 col-xs-12\">\n\t\t\t<div class=\"input-group\">\n\t\t\t\t<p><label>\u0130\u015f Bilgileri<\/label><br \/>\n<span class=\"wpcf7-form-control-wrap\" data-name=\"basvuru\"><select class=\"wpcf7-form-control wpcf7-select\" aria-invalid=\"false\" name=\"basvuru\"><option value=\"Ba\u015fvuru T\u00fcr\u00fc\">Ba\u015fvuru T\u00fcr\u00fc<\/option><option value=\"\u0130\u015f Ba\u015fvurusu\">\u0130\u015f Ba\u015fvurusu<\/option><option value=\"Staj Ba\u015fvurusu\">Staj Ba\u015fvurusu<\/option><\/select><\/span>\n\t\t\t\t<\/p>\n\t\t\t<\/div>\n\t\t\t<div class=\"input-group\">\n\t\t\t\t<p><span class=\"wpcf7-form-control-wrap\" data-name=\"text-pozisyon\"><input size=\"40\" maxlength=\"400\" class=\"wpcf7-form-control wpcf7-text wpcf7-validates-as-required\" aria-required=\"true\" aria-invalid=\"false\" placeholder=\"Ba\u015fvurulan Pozisyon\" value=\"\" type=\"text\" name=\"text-pozisyon\" \/><\/span>\n\t\t\t\t<\/p>\n\t\t\t<\/div>\n\t\t\t<div class=\"input-group\">\n\t\t\t\t<p><span class=\"wpcf7-form-control-wrap\" data-name=\"seyahat\"><select class=\"wpcf7-form-control wpcf7-select\" aria-invalid=\"false\" name=\"seyahat\"><option value=\"Seyahat Engeliniz var m\u0131\">Seyahat Engeliniz var m\u0131<\/option><option value=\"Var\">Var<\/option><option value=\"Yok\">Yok<\/option><\/select><\/span>\n\t\t\t\t<\/p>\n\t\t\t<\/div>\n\t\t\t<div class=\"input-group\">\n\t\t\t\t<p><span class=\"wpcf7-form-control-wrap\" data-name=\"text-ehliyet\"><input size=\"40\" maxlength=\"400\" class=\"wpcf7-form-control wpcf7-text wpcf7-validates-as-required\" aria-required=\"true\" aria-invalid=\"false\" placeholder=\"S\u00fcr\u00fcc\u00fc Ehliyetiniz varsa s\u0131n\u0131f\u0131\" value=\"\" type=\"text\" name=\"text-ehliyet\" \/><\/span>\n\t\t\t\t<\/p>\n\t\t\t<\/div>\n\t\t\t<div class=\"input-group\">\n\t\t\t\t<p><span class=\"wpcf7-form-control-wrap\" data-name=\"text-ayrilma\"><input size=\"40\" maxlength=\"400\" class=\"wpcf7-form-control wpcf7-text wpcf7-validates-as-required\" aria-required=\"true\" aria-invalid=\"false\" placeholder=\"Son i\u015finizden ayr\u0131lma nedeniniz\" value=\"\" type=\"text\" name=\"text-ayrilma\" \/><\/span>\n\t\t\t\t<\/p>\n\t\t\t<\/div>\n\t\t\t<div class=\"input-group\">\n\t\t\t\t<p><span class=\"wpcf7-form-control-wrap\" data-name=\"text-ucret\"><input size=\"40\" maxlength=\"400\" class=\"wpcf7-form-control wpcf7-text wpcf7-validates-as-required\" aria-required=\"true\" aria-invalid=\"false\" placeholder=\"\u0130stedi\u011finiz net \u00fccret\" value=\"\" type=\"text\" name=\"text-ucret\" \/><\/span>\n\t\t\t\t<\/p>\n\t\t\t<\/div>\n\t\t\t<div class=\"input-group\">\n\t\t\t\t<p><span class=\"wpcf7-form-control-wrap\" data-name=\"text-bastarih\"><input size=\"40\" maxlength=\"400\" class=\"wpcf7-form-control wpcf7-text wpcf7-validates-as-required\" aria-required=\"true\" aria-invalid=\"false\" placeholder=\"\u0130\u015fe ba\u015flayabilece\u011finiz tarih\" value=\"\" type=\"text\" name=\"text-bastarih\" \/><\/span>\n\t\t\t\t<\/p>\n\t\t\t<\/div>\n\t\t\t<div class=\"input-group\">\n\t\t\t\t<p><span class=\"wpcf7-form-control-wrap\" data-name=\"deneyim\"><textarea cols=\"40\" rows=\"10\" maxlength=\"2000\" class=\"wpcf7-form-control wpcf7-textarea\" aria-invalid=\"false\" placeholder=\"\u0130\u015f deneyimleriniz\" name=\"deneyim\"><\/textarea><\/span>\n\t\t\t\t<\/p>\n\t\t\t<\/div>\n\t\t\t<div class=\"input-group\">\n\t\t\t\t<p><button type=\"submit\" class=\"button size-lg icon_right\">Ba\u015fvuru Yap <i class=\"fa fa-chevron-right\"><\/i><\/button>\n\t\t\t\t<\/p>\n\t\t\t<\/div>\n\t\t<\/div>\n\t<\/div>\n<\/div><div class=\"wpcf7-response-output\" aria-hidden=\"true\"><\/div>\n<\/form>\n<\/div>\n[\/vc_column][\/vc_row]<\/p>\n","protected":false},"excerpt":{"rendered":"<p>[vc_row full_width=&#8221;stretch_row_content&#8221; css=&#8221;.vc_custom_1640593205598{margin-top: -60px !important;background-image: url(https:\/\/senkronplastik.com\/wp-content\/uploads\/2020\/12\/kapak.jpg?id=7874) !important;}&#8221;][vc_column][vc_empty_space][vc_empty_space][vc_custom_heading stripe_pos=&#8221;hide&#8221; text=&#8221;21 \u0639\u0627\u0645\u0627 \u0645\u0646 \u0627\u0644\u062e\u0628\u0631\u0629&#8221; font_container=&#8221;tag:h2|text_align:center&#8221; use_theme_fonts=&#8221;yes&#8221;][vc_empty_space][vc_empty_space][\/vc_column][\/vc_row][vc_row][vc_column width=&#8221;1\/5&#8243;][vc_empty_space][vc_wp_custommenu nav_menu=&#8221;87&#8243;][\/vc_column][vc_column width=&#8221;4\/5&#8243; css=&#8221;.vc_custom_1609765303384{padding: 20px !important;background-color: #d3d3d3 !important;}&#8221;][vc_empty_space][vc_custom_heading stripe_pos=&#8221;hide&#8221; source=&#8221;post_title&#8221; font_container=&#8221;tag:h3|text_align:left&#8221; use_theme_fonts=&#8221;yes&#8221;][\/vc_column][\/vc_row]<\/p>\n","protected":false},"author":1,"featured_media":0,"parent":0,"menu_order":0,"comment_status":"closed","ping_status":"closed","template":"","meta":{"footnotes":""},"class_list":["post-13322","page","type-page","status-publish","hentry"],"yoast_head":"<!-- This site is optimized with the Yoast SEO plugin v23.5 - https:\/\/yoast.com\/wordpress\/plugins\/seo\/ -->\n<title>\u0627\u0644\u0645\u0648\u0627\u0631\u062f \u0627\u0644\u0628\u0634\u0631\u064a\u0629 - Senkron Plastik A.\u015e.<\/title>\n<meta name=\"robots\" content=\"index, follow, max-snippet:-1, max-image-preview:large, max-video-preview:-1\" \/>\n<link rel=\"canonical\" href=\"https:\/\/senkronplastik.com\/ar\/insan-kaynaklari\/\" \/>\n<meta property=\"og:locale\" content=\"ar_AR\" \/>\n<meta property=\"og:type\" content=\"article\" \/>\n<meta property=\"og:title\" content=\"\u0627\u0644\u0645\u0648\u0627\u0631\u062f \u0627\u0644\u0628\u0634\u0631\u064a\u0629 - Senkron Plastik A.\u015e.\" \/>\n<meta property=\"og:description\" content=\"[vc_row full_width=&#8221;stretch_row_content&#8221; css=&#8221;.vc_custom_1640593205598{margin-top: -60px !important;background-image: url(https:\/\/senkronplastik.com\/wp-content\/uploads\/2020\/12\/kapak.jpg?id=7874) !important;}&#8221;][vc_column][vc_empty_space][vc_empty_space][vc_custom_heading stripe_pos=&#8221;hide&#8221; text=&#8221;21 \u0639\u0627\u0645\u0627 \u0645\u0646 \u0627\u0644\u062e\u0628\u0631\u0629&#8221; font_container=&#8221;tag:h2|text_align:center&#8221; use_theme_fonts=&#8221;yes&#8221;][vc_empty_space][vc_empty_space][\/vc_column][\/vc_row][vc_row][vc_column width=&#8221;1\/5&#8243;][vc_empty_space][vc_wp_custommenu nav_menu=&#8221;87&#8243;][\/vc_column][vc_column width=&#8221;4\/5&#8243; css=&#8221;.vc_custom_1609765303384{padding: 20px !important;background-color: #d3d3d3 !important;}&#8221;][vc_empty_space][vc_custom_heading stripe_pos=&#8221;hide&#8221; source=&#8221;post_title&#8221; font_container=&#8221;tag:h3|text_align:left&#8221; use_theme_fonts=&#8221;yes&#8221;][\/vc_column][\/vc_row]\" \/>\n<meta property=\"og:url\" content=\"https:\/\/senkronplastik.com\/ar\/insan-kaynaklari\/\" \/>\n<meta property=\"og:site_name\" content=\"Senkron Plastik A.\u015e.\" \/>\n<meta property=\"article:modified_time\" content=\"2022-01-17T09:32:20+00:00\" \/>\n<meta name=\"twitter:card\" content=\"summary_large_image\" \/>\n<meta name=\"twitter:label1\" content=\"\u0648\u0642\u062a \u0627\u0644\u0642\u0631\u0627\u0621\u0629 \u0627\u0644\u0645\u064f\u0642\u062f\u0651\u0631\" \/>\n\t<meta name=\"twitter:data1\" content=\"\u062f\u0642\u064a\u0642\u0629 \u0648\u0627\u062d\u062f\u0629\" \/>\n<script type=\"application\/ld+json\" class=\"yoast-schema-graph\">{\"@context\":\"https:\/\/schema.org\",\"@graph\":[{\"@type\":\"WebPage\",\"@id\":\"https:\/\/senkronplastik.com\/ar\/insan-kaynaklari\/\",\"url\":\"https:\/\/senkronplastik.com\/ar\/insan-kaynaklari\/\",\"name\":\"\u0627\u0644\u0645\u0648\u0627\u0631\u062f \u0627\u0644\u0628\u0634\u0631\u064a\u0629 - Senkron Plastik A.\u015e.\",\"isPartOf\":{\"@id\":\"https:\/\/senkronplastik.com\/#website\"},\"datePublished\":\"2020-12-24T09:11:44+00:00\",\"dateModified\":\"2022-01-17T09:32:20+00:00\",\"breadcrumb\":{\"@id\":\"https:\/\/senkronplastik.com\/ar\/insan-kaynaklari\/#breadcrumb\"},\"inLanguage\":\"ar\",\"potentialAction\":[{\"@type\":\"ReadAction\",\"target\":[\"https:\/\/senkronplastik.com\/ar\/insan-kaynaklari\/\"]}]},{\"@type\":\"BreadcrumbList\",\"@id\":\"https:\/\/senkronplastik.com\/ar\/insan-kaynaklari\/#breadcrumb\",\"itemListElement\":[{\"@type\":\"ListItem\",\"position\":1,\"name\":\"Ana sayfa\",\"item\":\"https:\/\/senkronplastik.com\/ar\/\"},{\"@type\":\"ListItem\",\"position\":2,\"name\":\"\u0627\u0644\u0645\u0648\u0627\u0631\u062f \u0627\u0644\u0628\u0634\u0631\u064a\u0629\"}]},{\"@type\":\"WebSite\",\"@id\":\"https:\/\/senkronplastik.com\/#website\",\"url\":\"https:\/\/senkronplastik.com\/\",\"name\":\"Senkron Plastik A.\u015e.\",\"description\":\"\",\"potentialAction\":[{\"@type\":\"SearchAction\",\"target\":{\"@type\":\"EntryPoint\",\"urlTemplate\":\"https:\/\/senkronplastik.com\/?s={search_term_string}\"},\"query-input\":{\"@type\":\"PropertyValueSpecification\",\"valueRequired\":true,\"valueName\":\"search_term_string\"}}],\"inLanguage\":\"ar\"}]}<\/script>\n<!-- \/ Yoast SEO plugin. -->","yoast_head_json":{"title":"\u0627\u0644\u0645\u0648\u0627\u0631\u062f \u0627\u0644\u0628\u0634\u0631\u064a\u0629 - Senkron Plastik A.\u015e.","robots":{"index":"index","follow":"follow","max-snippet":"max-snippet:-1","max-image-preview":"max-image-preview:large","max-video-preview":"max-video-preview:-1"},"canonical":"https:\/\/senkronplastik.com\/ar\/insan-kaynaklari\/","og_locale":"ar_AR","og_type":"article","og_title":"\u0627\u0644\u0645\u0648\u0627\u0631\u062f \u0627\u0644\u0628\u0634\u0631\u064a\u0629 - Senkron Plastik A.\u015e.","og_description":"[vc_row full_width=&#8221;stretch_row_content&#8221; css=&#8221;.vc_custom_1640593205598{margin-top: -60px !important;background-image: url(https:\/\/senkronplastik.com\/wp-content\/uploads\/2020\/12\/kapak.jpg?id=7874) !important;}&#8221;][vc_column][vc_empty_space][vc_empty_space][vc_custom_heading stripe_pos=&#8221;hide&#8221; text=&#8221;21 \u0639\u0627\u0645\u0627 \u0645\u0646 \u0627\u0644\u062e\u0628\u0631\u0629&#8221; font_container=&#8221;tag:h2|text_align:center&#8221; use_theme_fonts=&#8221;yes&#8221;][vc_empty_space][vc_empty_space][\/vc_column][\/vc_row][vc_row][vc_column width=&#8221;1\/5&#8243;][vc_empty_space][vc_wp_custommenu nav_menu=&#8221;87&#8243;][\/vc_column][vc_column width=&#8221;4\/5&#8243; css=&#8221;.vc_custom_1609765303384{padding: 20px !important;background-color: #d3d3d3 !important;}&#8221;][vc_empty_space][vc_custom_heading stripe_pos=&#8221;hide&#8221; source=&#8221;post_title&#8221; font_container=&#8221;tag:h3|text_align:left&#8221; use_theme_fonts=&#8221;yes&#8221;][\/vc_column][\/vc_row]","og_url":"https:\/\/senkronplastik.com\/ar\/insan-kaynaklari\/","og_site_name":"Senkron Plastik A.\u015e.","article_modified_time":"2022-01-17T09:32:20+00:00","twitter_card":"summary_large_image","twitter_misc":{"\u0648\u0642\u062a \u0627\u0644\u0642\u0631\u0627\u0621\u0629 \u0627\u0644\u0645\u064f\u0642\u062f\u0651\u0631":"\u062f\u0642\u064a\u0642\u0629 \u0648\u0627\u062d\u062f\u0629"},"schema":{"@context":"https:\/\/schema.org","@graph":[{"@type":"WebPage","@id":"https:\/\/senkronplastik.com\/ar\/insan-kaynaklari\/","url":"https:\/\/senkronplastik.com\/ar\/insan-kaynaklari\/","name":"\u0627\u0644\u0645\u0648\u0627\u0631\u062f \u0627\u0644\u0628\u0634\u0631\u064a\u0629 - Senkron Plastik A.\u015e.","isPartOf":{"@id":"https:\/\/senkronplastik.com\/#website"},"datePublished":"2020-12-24T09:11:44+00:00","dateModified":"2022-01-17T09:32:20+00:00","breadcrumb":{"@id":"https:\/\/senkronplastik.com\/ar\/insan-kaynaklari\/#breadcrumb"},"inLanguage":"ar","potentialAction":[{"@type":"ReadAction","target":["https:\/\/senkronplastik.com\/ar\/insan-kaynaklari\/"]}]},{"@type":"BreadcrumbList","@id":"https:\/\/senkronplastik.com\/ar\/insan-kaynaklari\/#breadcrumb","itemListElement":[{"@type":"ListItem","position":1,"name":"Ana sayfa","item":"https:\/\/senkronplastik.com\/ar\/"},{"@type":"ListItem","position":2,"name":"\u0627\u0644\u0645\u0648\u0627\u0631\u062f \u0627\u0644\u0628\u0634\u0631\u064a\u0629"}]},{"@type":"WebSite","@id":"https:\/\/senkronplastik.com\/#website","url":"https:\/\/senkronplastik.com\/","name":"Senkron Plastik A.\u015e.","description":"","potentialAction":[{"@type":"SearchAction","target":{"@type":"EntryPoint","urlTemplate":"https:\/\/senkronplastik.com\/?s={search_term_string}"},"query-input":{"@type":"PropertyValueSpecification","valueRequired":true,"valueName":"search_term_string"}}],"inLanguage":"ar"}]}},"_links":{"self":[{"href":"https:\/\/senkronplastik.com\/ar\/wp-json\/wp\/v2\/pages\/13322\/"}],"collection":[{"href":"https:\/\/senkronplastik.com\/ar\/wp-json\/wp\/v2\/pages\/"}],"about":[{"href":"https:\/\/senkronplastik.com\/ar\/wp-json\/wp\/v2\/types\/page\/"}],"author":[{"embeddable":true,"href":"https:\/\/senkronplastik.com\/ar\/wp-json\/wp\/v2\/users\/1\/"}],"replies":[{"embeddable":true,"href":"https:\/\/senkronplastik.com\/ar\/wp-json\/wp\/v2\/comments\/?post=13322"}],"version-history":[{"count":0,"href":"https:\/\/senkronplastik.com\/ar\/wp-json\/wp\/v2\/pages\/13322\/revisions\/"}],"wp:attachment":[{"href":"https:\/\/senkronplastik.com\/ar\/wp-json\/wp\/v2\/media\/?parent=13322"}],"curies":[{"name":"wp","href":"https:\/\/api.w.org\/{rel}","templated":true}]}}